{"id":16,"date":"2010-07-13T15:10:47","date_gmt":"2010-07-13T13:10:47","guid":{"rendered":"http:\/\/lebonheurdeshotes.fr\/WordPress\/?page_id=3"},"modified":"2019-06-19T18:21:37","modified_gmt":"2019-06-19T16:21:37","slug":"plan","status":"publish","type":"page","link":"https:\/\/lesvillasdherve.fr\/WordPress3\/plan\/","title":{"rendered":"Plan"},"content":{"rendered":"<p><strong>R\u00e9sidence les Villas d&rsquo;Herv\u00e9<\/strong><br \/>\n35 Route de Salbris &#8211; Villeherviers<br \/>\n41200 ROMORANTIN<br \/>\n02 54 76 19 96<\/p>\n<p>La r\u00e9sidence \u201cLes Villas d&rsquo;Herv\u00e9\u201d est situ\u00e9e \u00e0 25 km de la sortie d&rsquo;autoroute A 71 reliant Paris, Orl\u00e9ans, Vierzon, Bourges.<\/p>\n<p><span style=\"text-decoration: underline;\">En voiture :<\/span> Depuis Paris, autoroute A 10 direction Orl\u00e9ans. Bifurcation autoroute A 71 \u00e0 Orl\u00e9ans, direction Clermont-Ferrand. Sortie 4 \u00e0 Salbris, puis direction Romorantin \u2013 Lanthenay.<\/p>\n<p><span style=\"text-decoration: underline;\">En train :<\/span> De Paris-Austerlitz, vous arrivez \u00e0 la gare de Salbris. Pr\u00e9voir une correspondance jusqu&rsquo;\u00e0 Villeherviers.<\/p>\n<p><iframe loading=\"lazy\" src=\"https:\/\/maps.google.fr\/maps?f=q&amp;source=s_q&amp;hl=fr&amp;geocode=&amp;q=Ehpad+les+Villas+D'herve,+Villeherviers&amp;aq=0&amp;sll=47.365789,1.801436&amp;sspn=0.00731,0.01929&amp;ie=UTF8&amp;hq=Ehpad+les+Villas+D'herve,&amp;hnear=Villeherviers,+Loir-et-Cher,+Centre&amp;t=h&amp;cid=15283995213667073806&amp;ll=47.381265,1.79781&amp;spn=0.040682,0.072956&amp;z=13&amp;iwloc=A&amp;output=embed\" width=\"425\" height=\"350\" frameborder=\"0\" marginwidth=\"0\" marginheight=\"0\" scrolling=\"no\"><\/iframe><br \/>\n<small><a style=\"color: #0000ff; text-align: left;\" href=\"https:\/\/maps.google.fr\/maps?f=q&amp;source=embed&amp;hl=fr&amp;geocode=&amp;q=Ehpad+les+Villas+D'herve,+Villeherviers&amp;aq=0&amp;sll=47.365789,1.801436&amp;sspn=0.00731,0.01929&amp;ie=UTF8&amp;hq=Ehpad+les+Villas+D'herve,&amp;hnear=Villeherviers,+Loir-et-Cher,+Centre&amp;t=h&amp;cid=15283995213667073806&amp;ll=47.381265,1.79781&amp;spn=0.040682,0.072956&amp;z=13&amp;iwloc=A\">Agrandir le plan<\/a><\/small><\/p>\n","protected":false},"excerpt":{"rendered":"<p>R\u00e9sidence les Villas d&rsquo;Herv\u00e9 35 Route de Salbris &#8211; Villeherviers 41200 ROMORANTIN 02 54 76 19 96 La r\u00e9sidence \u201cLes Villas d&rsquo;Herv\u00e9\u201d est situ\u00e9e \u00e0 25 km de la sortie d&rsquo;autoroute A 71 reliant Paris, Orl\u00e9ans, Vierzon, Bourges. En voiture : Depuis Paris, autoroute A 10 direction Orl\u00e9ans. Bifurcation autoroute A 71 \u00e0 Orl\u00e9ans, direction [&hellip;]<\/p>\n","protected":false},"author":1,"featured_media":0,"parent":0,"menu_order":8,"comment_status":"closed","ping_status":"closed","template":"","meta":{"footnotes":""},"class_list":["post-16","page","type-page","status-publish","hentry","post-preview"],"aioseo_notices":[],"_links":{"self":[{"href":"https:\/\/lesvillasdherve.fr\/WordPress3\/wp-json\/wp\/v2\/pages\/16","targetHints":{"allow":["GET"]}}],"collection":[{"href":"https:\/\/lesvillasdherve.fr\/WordPress3\/wp-json\/wp\/v2\/pages"}],"about":[{"href":"https:\/\/lesvillasdherve.fr\/WordPress3\/wp-json\/wp\/v2\/types\/page"}],"author":[{"embeddable":true,"href":"https:\/\/lesvillasdherve.fr\/WordPress3\/wp-json\/wp\/v2\/users\/1"}],"replies":[{"embeddable":true,"href":"https:\/\/lesvillasdherve.fr\/WordPress3\/wp-json\/wp\/v2\/comments?post=16"}],"version-history":[{"count":2,"href":"https:\/\/lesvillasdherve.fr\/WordPress3\/wp-json\/wp\/v2\/pages\/16\/revisions"}],"predecessor-version":[{"id":832,"href":"https:\/\/lesvillasdherve.fr\/WordPress3\/wp-json\/wp\/v2\/pages\/16\/revisions\/832"}],"wp:attachment":[{"href":"https:\/\/lesvillasdherve.fr\/WordPress3\/wp-json\/wp\/v2\/media?parent=16"}],"curies":[{"name":"wp","href":"https:\/\/api.w.org\/{rel}","templated":true}]}}