{"id":704,"date":"2019-06-18T19:43:14","date_gmt":"2019-06-18T17:43:14","guid":{"rendered":"http:\/\/lesvillasdherve.fr\/WordPress3\/?page_id=704"},"modified":"2019-06-25T17:18:00","modified_gmt":"2019-06-25T15:18:00","slug":"presse","status":"publish","type":"page","link":"https:\/\/lesvillasdherve.fr\/WordPress3\/presse\/","title":{"rendered":"Presse"},"content":{"rendered":"\n<ul class=\"wp-block-list\"><li><a href=\"https:\/\/www.lanouvellerepublique.fr\/loir-et-cher\/commune\/villeherviers\/agreable-et-confortable-voyage-pour-les-residents-des-villas-d-herve\">NR : Agr\u00e9able\u00a0et\u00a0confortable\u00a0Voyage<\/a><\/li><li><a href=\"https:\/\/www.lanouvellerepublique.fr\/loir-et-cher\/commune\/villeherviers\/villas-d-herve-danica-une-retraite-bien-meritee\">NR\u00a0: Les Villas d&rsquo;Herv\u00e9, une retraite bien m\u00e9rit\u00e9e<\/a><\/li><li><a href=\"https:\/\/www.lanouvellerepublique.fr\/loir-et-cher\/commune\/villeherviers\/villas-d-herve-trois-salariees-decorees\">NR : Trois salari\u00e9es d\u00e9cor\u00e9es<\/a><\/li><li><a href=\"https:\/\/www.lanouvellerepublique.fr\/romorantin\/les-villas-d-herve-a-la-mode-bresilienne\">NR\u00a0:\u00a0Les\u00a0Villas\u00a0d&rsquo;Herv\u00e9\u00a0\u00e0\u00a0la\u00a0mode\u00a0br\u00e9silienne<\/a><\/li><li><a href=\"https:\/\/www.lanouvellerepublique.fr\/romorantin\/les-eleves-jardinent-aux-villas-d-herve\">NR\u00a0:\u00a0Les\u00a0\u00e9l\u00e8ves\u00a0jardinent\u00a0aux\u00a0Villas\u00a0d&rsquo;Herv\u00e9<\/a><\/li><li><a href=\"https:\/\/www.lanouvellerepublique.fr\/loir-et-cher\/commune\/villeherviers\/fete-des-familles-aux-villas-d-herve\">NR\u00a0:\u00a0La\u00a0f\u00eate des familles aux villas d&rsquo;Herv\u00e9<\/a>  <\/li><\/ul>\n","protected":false},"excerpt":{"rendered":"<p>NR : Agr\u00e9able\u00a0et\u00a0confortable\u00a0Voyage NR\u00a0: Les Villas d&rsquo;Herv\u00e9, une retraite bien m\u00e9rit\u00e9e NR : Trois salari\u00e9es d\u00e9cor\u00e9es NR\u00a0:\u00a0Les\u00a0Villas\u00a0d&rsquo;Herv\u00e9\u00a0\u00e0\u00a0la\u00a0mode\u00a0br\u00e9silienne NR\u00a0:\u00a0Les\u00a0\u00e9l\u00e8ves\u00a0jardinent\u00a0aux\u00a0Villas\u00a0d&rsquo;Herv\u00e9 NR\u00a0:\u00a0La\u00a0f\u00eate des familles aux villas d&rsquo;Herv\u00e9<\/p>\n","protected":false},"author":1,"featured_media":0,"parent":0,"menu_order":0,"comment_status":"closed","ping_status":"closed","template":"","meta":{"footnotes":""},"class_list":["post-704","page","type-page","status-publish","hentry","post-preview"],"aioseo_notices":[],"_links":{"self":[{"href":"https:\/\/lesvillasdherve.fr\/WordPress3\/wp-json\/wp\/v2\/pages\/704","targetHints":{"allow":["GET"]}}],"collection":[{"href":"https:\/\/lesvillasdherve.fr\/WordPress3\/wp-json\/wp\/v2\/pages"}],"about":[{"href":"https:\/\/lesvillasdherve.fr\/WordPress3\/wp-json\/wp\/v2\/types\/page"}],"author":[{"embeddable":true,"href":"https:\/\/lesvillasdherve.fr\/WordPress3\/wp-json\/wp\/v2\/users\/1"}],"replies":[{"embeddable":true,"href":"https:\/\/lesvillasdherve.fr\/WordPress3\/wp-json\/wp\/v2\/comments?post=704"}],"version-history":[{"count":5,"href":"https:\/\/lesvillasdherve.fr\/WordPress3\/wp-json\/wp\/v2\/pages\/704\/revisions"}],"predecessor-version":[{"id":962,"href":"https:\/\/lesvillasdherve.fr\/WordPress3\/wp-json\/wp\/v2\/pages\/704\/revisions\/962"}],"wp:attachment":[{"href":"https:\/\/lesvillasdherve.fr\/WordPress3\/wp-json\/wp\/v2\/media?parent=704"}],"curies":[{"name":"wp","href":"https:\/\/api.w.org\/{rel}","templated":true}]}}